{"id":20,"date":"2023-06-27T18:59:01","date_gmt":"2023-06-27T21:59:01","guid":{"rendered":"https:\/\/bitzhotel.com.br\/dom-leopoldo\/?page_id=20"},"modified":"2024-09-23T17:33:17","modified_gmt":"2024-09-23T20:33:17","slug":"gastronomia","status":"publish","type":"page","link":"https:\/\/hoteldomleopoldo.com.br\/?page_id=20","title":{"rendered":"Caf\u00e9 da Manh\u00e3"},"content":{"rendered":"\t\t<div data-elementor-type=\"wp-page\" data-elementor-id=\"20\" class=\"elementor elementor-20\" data-elementor-post-type=\"page\">\n\t\t\t\t\t\t<section class=\"elementor-section elementor-top-section elementor-element elementor-element-7f806c56 elementor-section-content-middle elementor-section-boxed elementor-section-height-default elementor-section-height-default\" data-id=\"7f806c56\" data-element_type=\"section\" data-e-type=\"section\">\n\t\t\t\t\t\t<div class=\"elementor-container elementor-column-gap-no\">\n\t\t\t\t\t<div class=\"elementor-column elementor-col-33 elementor-top-column elementor-element elementor-element-5308f030\" data-id=\"5308f030\" data-element_type=\"column\" data-e-type=\"column\">\n\t\t\t<div class=\"elementor-widget-wrap elementor-element-populated\">\n\t\t\t\t\t\t<div class=\"elementor-element elementor-element-7b035d6 elementor-widget elementor-widget-text-editor\" data-id=\"7b035d6\" data-element_type=\"widget\" data-e-type=\"widget\" data-widget_type=\"text-editor.default\">\n\t\t\t\t<div class=\"elementor-widget-container\">\n\t\t\t\t\t\t\t\t\t<p>O melhor diretamente para sua mesa<\/p>\t\t\t\t\t\t\t\t<\/div>\n\t\t\t\t<\/div>\n\t\t\t\t<div class=\"elementor-element elementor-element-4c3906bc elementor-widget elementor-widget-heading\" data-id=\"4c3906bc\" data-element_type=\"widget\" data-e-type=\"widget\" data-widget_type=\"heading.default\">\n\t\t\t\t<div class=\"elementor-widget-container\">\n\t\t\t\t\t<h1 class=\"elementor-heading-title elementor-size-default\">Caf\u00e9 da Manh\u00e3<\/h1>\t\t\t\t<\/div>\n\t\t\t\t<\/div>\n\t\t\t\t<div class=\"elementor-element elementor-element-189befeb elementor-widget-divider--view-line elementor-widget elementor-widget-divider\" data-id=\"189befeb\" data-element_type=\"widget\" data-e-type=\"widget\" data-widget_type=\"divider.default\">\n\t\t\t\t<div class=\"elementor-widget-container\">\n\t\t\t\t\t\t\t<div class=\"elementor-divider\">\n\t\t\t<span class=\"elementor-divider-separator\">\n\t\t\t\t\t\t<\/span>\n\t\t<\/div>\n\t\t\t\t\t\t<\/div>\n\t\t\t\t<\/div>\n\t\t\t\t\t<\/div>\n\t\t<\/div>\n\t\t\t\t<div class=\"elementor-column elementor-col-33 elementor-top-column elementor-element elementor-element-6f218cdd\" data-id=\"6f218cdd\" data-element_type=\"column\" data-e-type=\"column\">\n\t\t\t<div class=\"elementor-widget-wrap elementor-element-populated\">\n\t\t\t\t\t\t<div class=\"elementor-element elementor-element-452f900e elementor-widget elementor-widget-image\" data-id=\"452f900e\" data-element_type=\"widget\" data-e-type=\"widget\" data-widget_type=\"image.default\">\n\t\t\t\t<div class=\"elementor-widget-container\">\n\t\t\t\t\t\t\t\t\t\t\t\t\t\t\t<img loading=\"lazy\" decoding=\"async\" width=\"1600\" height=\"1064\" src=\"https:\/\/hoteldomleopoldo.com.br\/wp-content\/uploads\/2024\/09\/IMG-20240903-WA0050.jpg\" class=\"elementor-animation-grow attachment-full size-full wp-image-476\" alt=\"\" srcset=\"https:\/\/hoteldomleopoldo.com.br\/wp-content\/uploads\/2024\/09\/IMG-20240903-WA0050.jpg 1600w, https:\/\/hoteldomleopoldo.com.br\/wp-content\/uploads\/2024\/09\/IMG-20240903-WA0050-300x200.jpg 300w, https:\/\/hoteldomleopoldo.com.br\/wp-content\/uploads\/2024\/09\/IMG-20240903-WA0050-1024x681.jpg 1024w, https:\/\/hoteldomleopoldo.com.br\/wp-content\/uploads\/2024\/09\/IMG-20240903-WA0050-768x511.jpg 768w, https:\/\/hoteldomleopoldo.com.br\/wp-content\/uploads\/2024\/09\/IMG-20240903-WA0050-1536x1021.jpg 1536w\" sizes=\"auto, (max-width: 1600px) 100vw, 1600px\" \/>\t\t\t\t\t\t\t\t\t\t\t\t\t\t\t<\/div>\n\t\t\t\t<\/div>\n\t\t\t\t<div class=\"elementor-element elementor-element-244953bd elementor-widget elementor-widget-text-editor\" data-id=\"244953bd\" data-element_type=\"widget\" data-e-type=\"widget\" data-widget_type=\"text-editor.default\">\n\t\t\t\t<div class=\"elementor-widget-container\">\n\t\t\t\t\t\t\t\t\t<p><span style=\"color: #444444; font-family: Hind; letter-spacing: 0.3px;\">Com um card\u00e1pio especial, nosso caf\u00e9 da manh\u00e3 \u00e9 preparado com carinho e dedica\u00e7\u00e3o para voc\u00ea come\u00e7ar seu dia com um verdadeiro festival de sabores. Visual e sabor em um ambiente aconchegante.<\/span><\/p>\t\t\t\t\t\t\t\t<\/div>\n\t\t\t\t<\/div>\n\t\t\t\t\t<\/div>\n\t\t<\/div>\n\t\t\t\t<div class=\"elementor-column elementor-col-33 elementor-top-column elementor-element elementor-element-207bf5f5\" data-id=\"207bf5f5\" data-element_type=\"column\" data-e-type=\"column\">\n\t\t\t<div class=\"elementor-widget-wrap elementor-element-populated\">\n\t\t\t\t\t\t<div class=\"elementor-element elementor-element-118c3193 elementor-widget elementor-widget-text-editor\" data-id=\"118c3193\" data-element_type=\"widget\" data-e-type=\"widget\" data-widget_type=\"text-editor.default\">\n\t\t\t\t<div class=\"elementor-widget-container\">\n\t\t\t\t\t\t\t\t\t<p><span style=\"color: rgb(68, 68, 68); font-family: Hind; letter-spacing: 0.3px;\">Nosso caf\u00e9 tamb\u00e9m est\u00e1 dispon\u00edvel para habitantes locais, comemore seu aniversario, proponha um caf\u00e9 com seus amigos ou simplesmente compartilhe com sua fam\u00edlia, um momento descontra\u00eddo aproveitando a variedade de nosso caf\u00e9 da manha.<\/span><br><\/p>\t\t\t\t\t\t\t\t<\/div>\n\t\t\t\t<\/div>\n\t\t\t\t<div class=\"elementor-element elementor-element-7439ca96 elementor-widget elementor-widget-image\" data-id=\"7439ca96\" data-element_type=\"widget\" data-e-type=\"widget\" data-widget_type=\"image.default\">\n\t\t\t\t<div class=\"elementor-widget-container\">\n\t\t\t\t\t\t\t\t\t\t\t\t\t\t\t<img loading=\"lazy\" decoding=\"async\" width=\"1200\" height=\"800\" src=\"https:\/\/hoteldomleopoldo.com.br\/wp-content\/uploads\/2024\/09\/WhatsApp-Image-2024-09-06-at-10.03.44-1.jpeg\" class=\"elementor-animation-grow attachment-full size-full wp-image-439\" alt=\"\" srcset=\"https:\/\/hoteldomleopoldo.com.br\/wp-content\/uploads\/2024\/09\/WhatsApp-Image-2024-09-06-at-10.03.44-1.jpeg 1200w, https:\/\/hoteldomleopoldo.com.br\/wp-content\/uploads\/2024\/09\/WhatsApp-Image-2024-09-06-at-10.03.44-1-300x200.jpeg 300w, https:\/\/hoteldomleopoldo.com.br\/wp-content\/uploads\/2024\/09\/WhatsApp-Image-2024-09-06-at-10.03.44-1-1024x683.jpeg 1024w, https:\/\/hoteldomleopoldo.com.br\/wp-content\/uploads\/2024\/09\/WhatsApp-Image-2024-09-06-at-10.03.44-1-768x512.jpeg 768w\" sizes=\"auto, (max-width: 1200px) 100vw, 1200px\" \/>\t\t\t\t\t\t\t\t\t\t\t\t\t\t\t<\/div>\n\t\t\t\t<\/div>\n\t\t\t\t\t<\/div>\n\t\t<\/div>\n\t\t\t\t\t<\/div>\n\t\t<\/section>\n\t\t\t\t<section class=\"elementor-section elementor-top-section elementor-element elementor-element-14cef84 elementor-section-boxed elementor-section-height-default elementor-section-height-default\" data-id=\"14cef84\" data-element_type=\"section\" data-e-type=\"section\">\n\t\t\t\t\t\t<div class=\"elementor-container elementor-column-gap-default\">\n\t\t\t\t\t<div class=\"elementor-column elementor-col-100 elementor-top-column elementor-element elementor-element-bdf6d6a\" data-id=\"bdf6d6a\" data-element_type=\"column\" data-e-type=\"column\">\n\t\t\t<div class=\"elementor-widget-wrap elementor-element-populated\">\n\t\t\t\t\t\t<div class=\"elementor-element elementor-element-7c79edc elementor-widget elementor-widget-gallery\" data-id=\"7c79edc\" data-element_type=\"widget\" data-e-type=\"widget\" data-settings=\"{&quot;gallery_layout&quot;:&quot;masonry&quot;,&quot;columns&quot;:3,&quot;gap&quot;:{&quot;unit&quot;:&quot;px&quot;,&quot;size&quot;:20,&quot;sizes&quot;:[]},&quot;lazyload&quot;:&quot;yes&quot;,&quot;columns_tablet&quot;:2,&quot;columns_mobile&quot;:1,&quot;gap_tablet&quot;:{&quot;unit&quot;:&quot;px&quot;,&quot;size&quot;:10,&quot;sizes&quot;:[]},&quot;gap_mobile&quot;:{&quot;unit&quot;:&quot;px&quot;,&quot;size&quot;:10,&quot;sizes&quot;:[]},&quot;link_to&quot;:&quot;file&quot;,&quot;overlay_background&quot;:&quot;yes&quot;,&quot;content_hover_animation&quot;:&quot;fade-in&quot;}\" data-widget_type=\"gallery.default\">\n\t\t\t\t<div class=\"elementor-widget-container\">\n\t\t\t\t\t\t\t<div class=\"elementor-gallery__container\">\n\t\t\t\t\t\t\t<a class=\"e-gallery-item elementor-gallery-item elementor-animated-content\" href=\"https:\/\/hoteldomleopoldo.com.br\/wp-content\/uploads\/2024\/09\/WhatsApp-Image-2024-09-06-at-10.03.44-2.jpeg\" data-elementor-open-lightbox=\"yes\" data-elementor-lightbox-slideshow=\"7c79edc\" data-elementor-lightbox-title=\"WhatsApp Image 2024-09-06 at 10.03.44 (2)\" data-e-action-hash=\"#elementor-action%3Aaction%3Dlightbox%26settings%3DeyJpZCI6NDcyLCJ1cmwiOiJodHRwczpcL1wvaG90ZWxkb21sZW9wb2xkby5jb20uYnJcL3dwLWNvbnRlbnRcL3VwbG9hZHNcLzIwMjRcLzA5XC9XaGF0c0FwcC1JbWFnZS0yMDI0LTA5LTA2LWF0LTEwLjAzLjQ0LTIuanBlZyIsInNsaWRlc2hvdyI6IjdjNzllZGMifQ%3D%3D\">\n\t\t\t\t\t<div class=\"e-gallery-image elementor-gallery-item__image\" data-thumbnail=\"https:\/\/hoteldomleopoldo.com.br\/wp-content\/uploads\/2024\/09\/WhatsApp-Image-2024-09-06-at-10.03.44-2-768x512.jpeg\" data-width=\"768\" data-height=\"512\" aria-label=\"\" role=\"img\" ><\/div>\n\t\t\t\t\t\t\t\t\t\t\t<div class=\"elementor-gallery-item__overlay\"><\/div>\n\t\t\t\t\t\t\t\t\t\t\t\t\t\t<\/a>\n\t\t\t\t\t\t\t<a class=\"e-gallery-item elementor-gallery-item elementor-animated-content\" href=\"https:\/\/hoteldomleopoldo.com.br\/wp-content\/uploads\/2024\/09\/WhatsApp-Image-2024-09-23-at-17.32.27.jpeg\" data-elementor-open-lightbox=\"yes\" data-elementor-lightbox-slideshow=\"7c79edc\" data-elementor-lightbox-title=\"WhatsApp Image 2024-09-23 at 17.32.27\" data-elementor-lightbox-description=\"https:\/\/hoteldomleopoldo.com.br\/wp-content\/uploads\/2024\/11\/WhatsApp-Image-2024-09-23-at-16.59.29-1-768x576.jpeg\" data-e-action-hash=\"#elementor-action%3Aaction%3Dlightbox%26settings%3DeyJpZCI6NTM2LCJ1cmwiOiJodHRwczpcL1wvaG90ZWxkb21sZW9wb2xkby5jb20uYnJcL3dwLWNvbnRlbnRcL3VwbG9hZHNcLzIwMjRcLzA5XC9XaGF0c0FwcC1JbWFnZS0yMDI0LTA5LTIzLWF0LTE3LjMyLjI3LmpwZWciLCJzbGlkZXNob3ciOiI3Yzc5ZWRjIn0%3D\">\n\t\t\t\t\t<div class=\"e-gallery-image elementor-gallery-item__image\" data-thumbnail=\"https:\/\/hoteldomleopoldo.com.br\/wp-content\/uploads\/2024\/09\/WhatsApp-Image-2024-09-23-at-17.32.27-768x576.jpeg\" data-width=\"768\" data-height=\"576\" aria-label=\"\" role=\"img\" ><\/div>\n\t\t\t\t\t\t\t\t\t\t\t<div class=\"elementor-gallery-item__overlay\"><\/div>\n\t\t\t\t\t\t\t\t\t\t\t\t\t\t<\/a>\n\t\t\t\t\t\t\t<a class=\"e-gallery-item elementor-gallery-item elementor-animated-content\" href=\"https:\/\/hoteldomleopoldo.com.br\/wp-content\/uploads\/2024\/09\/WhatsApp-Image-2024-09-06-at-10.03.44-3.jpeg\" data-elementor-open-lightbox=\"yes\" data-elementor-lightbox-slideshow=\"7c79edc\" data-elementor-lightbox-title=\"WhatsApp Image 2024-09-06 at 10.03.44\" data-e-action-hash=\"#elementor-action%3Aaction%3Dlightbox%26settings%3DeyJpZCI6NDczLCJ1cmwiOiJodHRwczpcL1wvaG90ZWxkb21sZW9wb2xkby5jb20uYnJcL3dwLWNvbnRlbnRcL3VwbG9hZHNcLzIwMjRcLzA5XC9XaGF0c0FwcC1JbWFnZS0yMDI0LTA5LTA2LWF0LTEwLjAzLjQ0LTMuanBlZyIsInNsaWRlc2hvdyI6IjdjNzllZGMifQ%3D%3D\">\n\t\t\t\t\t<div class=\"e-gallery-image elementor-gallery-item__image\" data-thumbnail=\"https:\/\/hoteldomleopoldo.com.br\/wp-content\/uploads\/2024\/09\/WhatsApp-Image-2024-09-06-at-10.03.44-3-768x512.jpeg\" data-width=\"768\" data-height=\"512\" aria-label=\"\" role=\"img\" ><\/div>\n\t\t\t\t\t\t\t\t\t\t\t<div class=\"elementor-gallery-item__overlay\"><\/div>\n\t\t\t\t\t\t\t\t\t\t\t\t\t\t<\/a>\n\t\t\t\t\t\t\t<a class=\"e-gallery-item elementor-gallery-item elementor-animated-content\" href=\"https:\/\/hoteldomleopoldo.com.br\/wp-content\/uploads\/2024\/09\/WhatsApp-Image-2024-09-06-at-10.03.44-1-1.jpeg\" data-elementor-open-lightbox=\"yes\" data-elementor-lightbox-slideshow=\"7c79edc\" data-elementor-lightbox-title=\"WhatsApp Image 2024-09-06 at 10.03.44 (1)\" data-e-action-hash=\"#elementor-action%3Aaction%3Dlightbox%26settings%3DeyJpZCI6NDc0LCJ1cmwiOiJodHRwczpcL1wvaG90ZWxkb21sZW9wb2xkby5jb20uYnJcL3dwLWNvbnRlbnRcL3VwbG9hZHNcLzIwMjRcLzA5XC9XaGF0c0FwcC1JbWFnZS0yMDI0LTA5LTA2LWF0LTEwLjAzLjQ0LTEtMS5qcGVnIiwic2xpZGVzaG93IjoiN2M3OWVkYyJ9\">\n\t\t\t\t\t<div class=\"e-gallery-image elementor-gallery-item__image\" data-thumbnail=\"https:\/\/hoteldomleopoldo.com.br\/wp-content\/uploads\/2024\/09\/WhatsApp-Image-2024-09-06-at-10.03.44-1-1-768x512.jpeg\" data-width=\"768\" data-height=\"512\" aria-label=\"\" role=\"img\" ><\/div>\n\t\t\t\t\t\t\t\t\t\t\t<div class=\"elementor-gallery-item__overlay\"><\/div>\n\t\t\t\t\t\t\t\t\t\t\t\t\t\t<\/a>\n\t\t\t\t\t\t\t<a class=\"e-gallery-item elementor-gallery-item elementor-animated-content\" href=\"https:\/\/hoteldomleopoldo.com.br\/wp-content\/uploads\/2024\/09\/IMG-20240903-WA0053.jpg\" data-elementor-open-lightbox=\"yes\" data-elementor-lightbox-slideshow=\"7c79edc\" data-elementor-lightbox-title=\"IMG-20240903-WA0053\" data-e-action-hash=\"#elementor-action%3Aaction%3Dlightbox%26settings%3DeyJpZCI6NDc1LCJ1cmwiOiJodHRwczpcL1wvaG90ZWxkb21sZW9wb2xkby5jb20uYnJcL3dwLWNvbnRlbnRcL3VwbG9hZHNcLzIwMjRcLzA5XC9JTUctMjAyNDA5MDMtV0EwMDUzLmpwZyIsInNsaWRlc2hvdyI6IjdjNzllZGMifQ%3D%3D\">\n\t\t\t\t\t<div class=\"e-gallery-image elementor-gallery-item__image\" data-thumbnail=\"https:\/\/hoteldomleopoldo.com.br\/wp-content\/uploads\/2024\/09\/IMG-20240903-WA0053-768x462.jpg\" data-width=\"768\" data-height=\"462\" aria-label=\"\" role=\"img\" ><\/div>\n\t\t\t\t\t\t\t\t\t\t\t<div class=\"elementor-gallery-item__overlay\"><\/div>\n\t\t\t\t\t\t\t\t\t\t\t\t\t\t<\/a>\n\t\t\t\t\t\t\t<a class=\"e-gallery-item elementor-gallery-item elementor-animated-content\" href=\"https:\/\/hoteldomleopoldo.com.br\/wp-content\/uploads\/2024\/09\/WhatsApp-Image-2024-09-23-at-17.32.27-1.jpeg\" data-elementor-open-lightbox=\"yes\" data-elementor-lightbox-slideshow=\"7c79edc\" data-elementor-lightbox-title=\"WhatsApp Image 2024-09-23 at 17.32.27 (1)\" data-e-action-hash=\"#elementor-action%3Aaction%3Dlightbox%26settings%3DeyJpZCI6NTM1LCJ1cmwiOiJodHRwczpcL1wvaG90ZWxkb21sZW9wb2xkby5jb20uYnJcL3dwLWNvbnRlbnRcL3VwbG9hZHNcLzIwMjRcLzA5XC9XaGF0c0FwcC1JbWFnZS0yMDI0LTA5LTIzLWF0LTE3LjMyLjI3LTEuanBlZyIsInNsaWRlc2hvdyI6IjdjNzllZGMifQ%3D%3D\">\n\t\t\t\t\t<div class=\"e-gallery-image elementor-gallery-item__image\" data-thumbnail=\"https:\/\/hoteldomleopoldo.com.br\/wp-content\/uploads\/2024\/09\/WhatsApp-Image-2024-09-23-at-17.32.27-1-768x576.jpeg\" data-width=\"768\" data-height=\"576\" aria-label=\"\" role=\"img\" ><\/div>\n\t\t\t\t\t\t\t\t\t\t\t<div class=\"elementor-gallery-item__overlay\"><\/div>\n\t\t\t\t\t\t\t\t\t\t\t\t\t\t<\/a>\n\t\t\t\t\t<\/div>\n\t\t\t\t\t<\/div>\n\t\t\t\t<\/div>\n\t\t\t\t\t<\/div>\n\t\t<\/div>\n\t\t\t\t\t<\/div>\n\t\t<\/section>\n\t\t\t\t<\/div>\n\t\t","protected":false},"excerpt":{"rendered":"<p>O melhor diretamente para sua mesa Com um card\u00e1pio especial, nosso caf\u00e9 da manh\u00e3 \u00e9 preparado com carinho e dedica\u00e7\u00e3o para voc\u00ea come\u00e7ar seu dia com um verdadeiro festival de sabores. Visual e sabor em um ambiente aconchegante. Nosso caf\u00e9 tamb\u00e9m est\u00e1 dispon\u00edvel para habitantes locais, comemore seu aniversario, proponha um caf\u00e9 com seus amigos [&hellip;]<\/p>\n","protected":false},"author":6,"featured_media":0,"parent":0,"menu_order":0,"comment_status":"closed","ping_status":"closed","template":"","meta":{"_acf_changed":false,"footnotes":""},"class_list":["post-20","page","type-page","status-publish","hentry"],"acf":[],"_links":{"self":[{"href":"https:\/\/hoteldomleopoldo.com.br\/index.php?rest_route=\/wp\/v2\/pages\/20","targetHints":{"allow":["GET"]}}],"collection":[{"href":"https:\/\/hoteldomleopoldo.com.br\/index.php?rest_route=\/wp\/v2\/pages"}],"about":[{"href":"https:\/\/hoteldomleopoldo.com.br\/index.php?rest_route=\/wp\/v2\/types\/page"}],"author":[{"embeddable":true,"href":"https:\/\/hoteldomleopoldo.com.br\/index.php?rest_route=\/wp\/v2\/users\/6"}],"replies":[{"embeddable":true,"href":"https:\/\/hoteldomleopoldo.com.br\/index.php?rest_route=%2Fwp%2Fv2%2Fcomments&post=20"}],"version-history":[{"count":19,"href":"https:\/\/hoteldomleopoldo.com.br\/index.php?rest_route=\/wp\/v2\/pages\/20\/revisions"}],"predecessor-version":[{"id":539,"href":"https:\/\/hoteldomleopoldo.com.br\/index.php?rest_route=\/wp\/v2\/pages\/20\/revisions\/539"}],"wp:attachment":[{"href":"https:\/\/hoteldomleopoldo.com.br\/index.php?rest_route=%2Fwp%2Fv2%2Fmedia&parent=20"}],"curies":[{"name":"wp","href":"https:\/\/api.w.org\/{rel}","templated":true}]}}